{"id":6685,"date":"2021-04-03T11:25:34","date_gmt":"2021-04-03T09:25:34","guid":{"rendered":"https:\/\/parlemucorsu.corsica\/?page_id=6685"},"modified":"2025-11-10T02:21:15","modified_gmt":"2025-11-10T01:21:15","slug":"butteca","status":"publish","type":"page","link":"https:\/\/www.parlemucorsu.corsica\/cc\/butteca\/","title":{"rendered":"Butteca"},"content":{"rendered":"<div class=\"wpb-content-wrapper\"><p>[vc_row row_height_percent=&#8221;0&#8243; override_padding=&#8221;yes&#8221; h_padding=&#8221;2&#8243; top_padding=&#8221;3&#8243; bottom_padding=&#8221;3&#8243; back_color=&#8221;color-210407&#8243; overlay_alpha=&#8221;50&#8243; gutter_size=&#8221;3&#8243; column_width_percent=&#8221;100&#8243; shift_y=&#8221;0&#8243; z_index=&#8221;0&#8243; content_parallax=&#8221;0&#8243; uncode_shortcode_id=&#8221;132835&#8243; back_color_type=&#8221;uncode-palette&#8221;][vc_column column_width_percent=&#8221;100&#8243; gutter_size=&#8221;3&#8243; style=&#8221;dark&#8221; overlay_alpha=&#8221;50&#8243; shift_x=&#8221;0&#8243; shift_y=&#8221;0&#8243; shift_y_down=&#8221;0&#8243; z_index=&#8221;0&#8243; medium_width=&#8221;0&#8243; mobile_width=&#8221;0&#8243; uncode_shortcode_id=&#8221;369336&#8243;][vc_custom_heading auto_text=&#8221;yes&#8221; heading_semantic=&#8221;h1&#8243; uncode_shortcode_id=&#8221;174413&#8243;][\/vc_custom_heading][\/vc_column][\/vc_row][vc_row row_height_percent=&#8221;0&#8243; override_padding=&#8221;yes&#8221; h_padding=&#8221;2&#8243; top_padding=&#8221;2&#8243; bottom_padding=&#8221;0&#8243; overlay_alpha=&#8221;50&#8243; equal_height=&#8221;yes&#8221; gutter_size=&#8221;3&#8243; column_width_percent=&#8221;100&#8243; shift_y=&#8221;0&#8243; z_index=&#8221;0&#8243; enable_top_divider=&#8221;default&#8221; top_divider_inv=&#8221;curve-asym-opacity&#8221; shape_top_invert=&#8221;yes&#8221; shape_top_h_use_pixel=&#8221;&#8221; shape_top_height=&#8221;70&#8243; shape_top_color=&#8221;color-210407&#8243; shape_top_opacity=&#8221;100&#8243; shape_top_index=&#8221;0&#8243; shape_top_responsive=&#8221;yes&#8221; shape_top_mobile_hide=&#8221;yes&#8221; content_parallax=&#8221;0&#8243; content_placement=&#8221;middle&#8221; css=&#8221;.vc_custom_1762737549361{padding-top: 80px !important;padding-bottom: 50px !important;}&#8221; uncode_shortcode_id=&#8221;132530&#8243; shape_top_color_type=&#8221;uncode-palette&#8221;][vc_column column_width_percent=&#8221;100&#8243; align_horizontal=&#8221;align_center&#8221; gutter_size=&#8221;3&#8243; overlay_alpha=&#8221;50&#8243; shift_x=&#8221;0&#8243; shift_y=&#8221;0&#8243; shift_y_down=&#8221;0&#8243; z_index=&#8221;0&#8243; medium_width=&#8221;0&#8243; mobile_width=&#8221;0&#8243; width=&#8221;1\/3&#8243; css=&#8221;.vc_custom_1762736566190{padding-top: 0px !important;}&#8221; uncode_shortcode_id=&#8221;192726&#8243;][vc_custom_heading heading_semantic=&#8221;h3&#8243; text_size=&#8221;h3&#8243; uncode_shortcode_id=&#8221;203996&#8243; el_id=&#8221;associa&#8221;]Baretta A[\/vc_custom_heading][vc_single_image alignment=&#8221;center&#8221; image=&#8221;6689&#8243; img_size=&#8221;medium&#8221;][vc_custom_heading text_color=&#8221;color-rgdb&#8221; heading_semantic=&#8221;h3&#8243; text_font=&#8221;font-193879&#8243; text_size=&#8221;h4&#8243; uncode_shortcode_id=&#8221;819962&#8243; text_color_type=&#8221;uncode-palette&#8221;]15,00 \u20ac[\/vc_custom_heading][\/vc_column][vc_column column_width_percent=&#8221;100&#8243; align_horizontal=&#8221;align_center&#8221; gutter_size=&#8221;3&#8243; overlay_alpha=&#8221;50&#8243; shift_x=&#8221;0&#8243; shift_y=&#8221;0&#8243; shift_y_down=&#8221;0&#8243; z_index=&#8221;0&#8243; medium_width=&#8221;0&#8243; mobile_width=&#8221;0&#8243; width=&#8221;1\/3&#8243; uncode_shortcode_id=&#8221;997431&#8243;][vc_custom_heading heading_semantic=&#8221;h3&#8243; text_size=&#8221;h3&#8243; uncode_shortcode_id=&#8221;192115&#8243; el_id=&#8221;associa&#8221;]Baretta B[\/vc_custom_heading][vc_single_image alignment=&#8221;center&#8221; image=&#8221;6690&#8243; img_size=&#8221;medium&#8221;][vc_custom_heading text_color=&#8221;color-rgdb&#8221; heading_semantic=&#8221;h3&#8243; text_font=&#8221;font-193879&#8243; text_size=&#8221;h4&#8243; uncode_shortcode_id=&#8221;819962&#8243; text_color_type=&#8221;uncode-palette&#8221;]15,00 \u20ac[\/vc_custom_heading][\/vc_column][vc_column column_width_percent=&#8221;100&#8243; align_horizontal=&#8221;align_center&#8221; gutter_size=&#8221;3&#8243; overlay_alpha=&#8221;50&#8243; shift_x=&#8221;0&#8243; shift_y=&#8221;0&#8243; shift_y_down=&#8221;0&#8243; z_index=&#8221;0&#8243; medium_width=&#8221;0&#8243; mobile_width=&#8221;0&#8243; width=&#8221;1\/3&#8243; uncode_shortcode_id=&#8221;460098&#8243;][vc_custom_heading heading_semantic=&#8221;h3&#8243; text_size=&#8221;h3&#8243; uncode_shortcode_id=&#8221;125978&#8243; el_id=&#8221;associa&#8221;]Bandile<br \/>\n[\/vc_custom_heading][vc_single_image alignment=&#8221;center&#8221; image=&#8221;6691&#8243; img_size=&#8221;medium&#8221;][vc_custom_heading text_color=&#8221;color-rgdb&#8221; heading_semantic=&#8221;h3&#8243; text_font=&#8221;font-193879&#8243; text_size=&#8221;h4&#8243; uncode_shortcode_id=&#8221;158910&#8243; text_color_type=&#8221;uncode-palette&#8221;]2,50 \u20ac[\/vc_custom_heading][\/vc_column][\/vc_row][vc_row row_height_percent=&#8221;0&#8243; override_padding=&#8221;yes&#8221; h_padding=&#8221;2&#8243; top_padding=&#8221;0&#8243; bottom_padding=&#8221;2&#8243; overlay_alpha=&#8221;50&#8243; gutter_size=&#8221;3&#8243; column_width_percent=&#8221;100&#8243; shift_y=&#8221;0&#8243; z_index=&#8221;0&#8243; content_parallax=&#8221;0&#8243; uncode_shortcode_id=&#8221;181269&#8243;][vc_column column_width_percent=&#8221;100&#8243; align_horizontal=&#8221;align_center&#8221; gutter_size=&#8221;2&#8243; overlay_alpha=&#8221;50&#8243; shift_x=&#8221;0&#8243; shift_y=&#8221;0&#8243; shift_y_down=&#8221;0&#8243; z_index=&#8221;0&#8243; medium_width=&#8221;0&#8243; mobile_width=&#8221;0&#8243; width=&#8221;1\/3&#8243; uncode_shortcode_id=&#8221;599112&#8243;][vc_custom_heading heading_semantic=&#8221;h3&#8243; text_size=&#8221;h3&#8243; uncode_shortcode_id=&#8221;141612&#8243; el_id=&#8221;associa&#8221;]Maglietta Donna[\/vc_custom_heading][vc_single_image alignment=&#8221;center&#8221; image=&#8221;6693&#8243; img_size=&#8221;medium&#8221;][vc_custom_heading text_color=&#8221;color-rgdb&#8221; heading_semantic=&#8221;h3&#8243; text_font=&#8221;font-193879&#8243; text_size=&#8221;h4&#8243; uncode_shortcode_id=&#8221;535222&#8243; text_color_type=&#8221;uncode-palette&#8221;]20,00 \u20ac[\/vc_custom_heading][\/vc_column][vc_column column_width_percent=&#8221;100&#8243; align_horizontal=&#8221;align_center&#8221; gutter_size=&#8221;2&#8243; overlay_alpha=&#8221;50&#8243; shift_x=&#8221;0&#8243; shift_y=&#8221;0&#8243; shift_y_down=&#8221;0&#8243; z_index=&#8221;0&#8243; medium_width=&#8221;0&#8243; mobile_width=&#8221;0&#8243; width=&#8221;1\/3&#8243; uncode_shortcode_id=&#8221;109079&#8243;][vc_custom_heading heading_semantic=&#8221;h3&#8243; text_size=&#8221;h3&#8243; uncode_shortcode_id=&#8221;188528&#8243; el_id=&#8221;associa&#8221;]Maglietta Omu[\/vc_custom_heading][vc_single_image alignment=&#8221;center&#8221; image=&#8221;6692&#8243; img_size=&#8221;medium&#8221;][vc_custom_heading text_color=&#8221;color-rgdb&#8221; heading_semantic=&#8221;h3&#8243; text_font=&#8221;font-193879&#8243; text_size=&#8221;h4&#8243; uncode_shortcode_id=&#8221;659309&#8243; text_color_type=&#8221;uncode-palette&#8221;]20,00 \u20ac[\/vc_custom_heading][\/vc_column][vc_column column_width_percent=&#8221;100&#8243; align_horizontal=&#8221;align_center&#8221; gutter_size=&#8221;2&#8243; overlay_alpha=&#8221;50&#8243; shift_x=&#8221;0&#8243; shift_y=&#8221;0&#8243; shift_y_down=&#8221;0&#8243; z_index=&#8221;0&#8243; medium_width=&#8221;0&#8243; mobile_width=&#8221;0&#8243; width=&#8221;1\/3&#8243; uncode_shortcode_id=&#8221;183387&#8243;][vc_custom_heading heading_semantic=&#8221;h3&#8243; text_size=&#8221;h3&#8243; uncode_shortcode_id=&#8221;761688&#8243; el_id=&#8221;associa&#8221;]Maglietta Zitellu[\/vc_custom_heading][vc_single_image alignment=&#8221;center&#8221; image=&#8221;6693&#8243; img_size=&#8221;medium&#8221;][vc_custom_heading text_color=&#8221;color-rgdb&#8221; heading_semantic=&#8221;h3&#8243; text_font=&#8221;font-193879&#8243; text_size=&#8221;h4&#8243; uncode_shortcode_id=&#8221;164613&#8243; text_color_type=&#8221;uncode-palette&#8221;]12,00 \u20ac[\/vc_custom_heading][\/vc_column][\/vc_row][vc_row row_height_percent=&#8221;0&#8243; override_padding=&#8221;yes&#8221; h_padding=&#8221;2&#8243; top_padding=&#8221;0&#8243; bottom_padding=&#8221;2&#8243; overlay_alpha=&#8221;50&#8243; gutter_size=&#8221;3&#8243; column_width_percent=&#8221;100&#8243; shift_y=&#8221;0&#8243; z_index=&#8221;0&#8243; content_parallax=&#8221;0&#8243; uncode_shortcode_id=&#8221;229561&#8243;][vc_column column_width_percent=&#8221;100&#8243; align_horizontal=&#8221;align_center&#8221; gutter_size=&#8221;2&#8243; overlay_alpha=&#8221;50&#8243; shift_x=&#8221;0&#8243; shift_y=&#8221;0&#8243; shift_y_down=&#8221;0&#8243; z_index=&#8221;0&#8243; medium_width=&#8221;0&#8243; mobile_width=&#8221;0&#8243; width=&#8221;1\/2&#8243; uncode_shortcode_id=&#8221;343042&#8243;][vc_custom_heading heading_semantic=&#8221;h3&#8243; text_size=&#8221;h3&#8243; uncode_shortcode_id=&#8221;107007&#8243; el_id=&#8221;associa&#8221;]Sciarpa Cismontinca[\/vc_custom_heading][vc_single_image alignment=&#8221;center&#8221; image=&#8221;6687&#8243; img_size=&#8221;medium&#8221;][vc_custom_heading text_color=&#8221;color-rgdb&#8221; heading_semantic=&#8221;h3&#8243; text_font=&#8221;font-193879&#8243; text_size=&#8221;h4&#8243; uncode_shortcode_id=&#8221;123470&#8243; text_color_type=&#8221;uncode-palette&#8221;]5,00 \u20ac[\/vc_custom_heading][\/vc_column][vc_column column_width_percent=&#8221;100&#8243; align_horizontal=&#8221;align_center&#8221; gutter_size=&#8221;2&#8243; overlay_alpha=&#8221;50&#8243; shift_x=&#8221;0&#8243; shift_y=&#8221;0&#8243; shift_y_down=&#8221;0&#8243; z_index=&#8221;0&#8243; medium_width=&#8221;0&#8243; mobile_width=&#8221;0&#8243; width=&#8221;1\/2&#8243; uncode_shortcode_id=&#8221;112751&#8243;][vc_custom_heading heading_semantic=&#8221;h3&#8243; text_size=&#8221;h3&#8243; uncode_shortcode_id=&#8221;125533&#8243; el_id=&#8221;associa&#8221;]Sciarpa Pumontica[\/vc_custom_heading][vc_single_image alignment=&#8221;center&#8221; image=&#8221;6688&#8243; img_size=&#8221;medium&#8221;][vc_custom_heading text_color=&#8221;color-rgdb&#8221; heading_semantic=&#8221;h3&#8243; text_font=&#8221;font-193879&#8243; text_size=&#8221;h4&#8243; uncode_shortcode_id=&#8221;123470&#8243; text_color_type=&#8221;uncode-palette&#8221;]5,00 \u20ac[\/vc_custom_heading][\/vc_column][\/vc_row][vc_row row_height_percent=&#8221;0&#8243; override_padding=&#8221;yes&#8221; h_padding=&#8221;2&#8243; top_padding=&#8221;2&#8243; bottom_padding=&#8221;3&#8243; overlay_alpha=&#8221;50&#8243; gutter_size=&#8221;3&#8243; column_width_percent=&#8221;100&#8243; shift_y=&#8221;0&#8243; z_index=&#8221;0&#8243; content_parallax=&#8221;0&#8243; uncode_shortcode_id=&#8221;803828&#8243;][vc_column column_width_percent=&#8221;100&#8243; align_horizontal=&#8221;align_center&#8221; gutter_size=&#8221;2&#8243; overlay_alpha=&#8221;50&#8243; shift_x=&#8221;0&#8243; shift_y=&#8221;0&#8243; shift_y_down=&#8221;0&#8243; z_index=&#8221;0&#8243; medium_width=&#8221;0&#8243; mobile_width=&#8221;0&#8243; uncode_shortcode_id=&#8221;973251&#8243;][vc_column_text uncode_shortcode_id=&#8221;107075&#8243;]S\u2019\u00e8 vo site interissati da unu o parechji di sti art\u00ecculi mandateci puru una cumanda scritta (\u00f9n vi scurdate di precis\u00e0 a taglia, S, M, L, XL,\u00a0 XXL per i TS \u00e8 Grende o Chjucu per e barette) \u00e8 un sceccu \u00e0 l\u2019ordine di u Cullettivu \u201cParlemu Corsu !\u201d \u00e0 l\u2019indirizzu :[\/vc_column_text][vc_column_text uncode_shortcode_id=&#8221;958967&#8243;]<strong>Cullettivu \u201cParlemu Corsu !\u201d<\/strong><br \/>\n<strong>Casetta Maram\u00e0, Poghju a Murmuntaghja<\/strong><br \/>\n<strong>20135 CONCA<\/strong>[\/vc_column_text][vc_column_text uncode_shortcode_id=&#8221;968022&#8243;]\u00c0 tempu, fateci parvene u vostru indirizzu pustale.<br \/>\nS\u00ec bisognu, ci pudite sempre cuntatt\u00e0 p\u00e8 telefonu \u00e0 u : <strong>06 78 65 20 72<\/strong>[\/vc_column_text][\/vc_column][\/vc_row]<\/p>\n<\/div>","protected":false},"excerpt":{"rendered":"<p>[vc_row row_height_percent=&#8221;0&#8243; override_padding=&#8221;yes&#8221; h_padding=&#8221;2&#8243; top_padding=&#8221;3&#8243; bottom_padding=&#8221;3&#8243; back_color=&#8221;color-210407&#8243; overlay_alpha=&#8221;50&#8243; gutter_size=&#8221;3&#8243; column_width_percent=&#8221;100&#8243; shift_y=&#8221;0&#8243; z_index=&#8221;0&#8243; content_parallax=&#8221;0&#8243; uncode_shortcode_id=&#8221;132835&#8243; back_color_type=&#8221;uncode-palette&#8221;][vc_column column_width_percent=&#8221;100&#8243; gutter_size=&#8221;3&#8243; style=&#8221;dark&#8221; overlay_alpha=&#8221;50&#8243; shift_x=&#8221;0&#8243; [&hellip;]<\/p>\n","protected":false},"author":4,"featured_media":0,"parent":0,"menu_order":8,"comment_status":"closed","ping_status":"closed","template":"","meta":{"footnotes":""},"class_list":["post-6685","page","type-page","status-publish","hentry"],"yoast_head":"<!-- This site is optimized with the Yoast SEO plugin v27.4 - https:\/\/yoast.com\/product\/yoast-seo-wordpress\/ -->\n<title>Butteca | Parlemu Corsu<\/title>\n<meta name=\"robots\" content=\"index, follow, max-snippet:-1, max-image-preview:large, max-video-preview:-1\" \/>\n<link rel=\"canonical\" href=\"https:\/\/www.parlemucorsu.corsica\/cc\/butteca\/\" \/>\n<meta property=\"og:locale\" content=\"en_US\" \/>\n<meta property=\"og:type\" content=\"article\" \/>\n<meta property=\"og:title\" content=\"Butteca | Parlemu Corsu\" \/>\n<meta property=\"og:description\" content=\"[vc_row row_height_percent=&#8221;0&#8243; override_padding=&#8221;yes&#8221; h_padding=&#8221;2&#8243; top_padding=&#8221;3&#8243; bottom_padding=&#8221;3&#8243; back_color=&#8221;color-210407&#8243; overlay_alpha=&#8221;50&#8243; gutter_size=&#8221;3&#8243; column_width_percent=&#8221;100&#8243; shift_y=&#8221;0&#8243; z_index=&#8221;0&#8243; content_parallax=&#8221;0&#8243; uncode_shortcode_id=&#8221;132835&#8243; back_color_type=&#8221;uncode-palette&#8221;][vc_column column_width_percent=&#8221;100&#8243; gutter_size=&#8221;3&#8243; style=&#8221;dark&#8221; overlay_alpha=&#8221;50&#8243; shift_x=&#8221;0&#8243; [&hellip;]\" \/>\n<meta property=\"og:url\" content=\"https:\/\/www.parlemucorsu.corsica\/cc\/butteca\/\" \/>\n<meta property=\"og:site_name\" content=\"Parlemu Corsu\" \/>\n<meta property=\"article:publisher\" content=\"https:\/\/www.facebook.com\/cullittivuparlemucorsu\/\" \/>\n<meta property=\"article:modified_time\" content=\"2025-11-10T01:21:15+00:00\" \/>\n<meta name=\"twitter:card\" content=\"summary_large_image\" \/>\n<meta name=\"twitter:site\" content=\"@parlemucorsu\" \/>\n<meta name=\"twitter:label1\" content=\"Est. reading time\" \/>\n\t<meta name=\"twitter:data1\" content=\"1 minute\" \/>\n<script type=\"application\/ld+json\" class=\"yoast-schema-graph\">{\"@context\":\"https:\\\/\\\/schema.org\",\"@graph\":[{\"@type\":\"WebPage\",\"@id\":\"https:\\\/\\\/www.parlemucorsu.corsica\\\/cc\\\/butteca\\\/\",\"url\":\"https:\\\/\\\/www.parlemucorsu.corsica\\\/cc\\\/butteca\\\/\",\"name\":\"Butteca | Parlemu Corsu\",\"isPartOf\":{\"@id\":\"https:\\\/\\\/www.parlemucorsu.corsica\\\/#website\"},\"datePublished\":\"2021-04-03T09:25:34+00:00\",\"dateModified\":\"2025-11-10T01:21:15+00:00\",\"breadcrumb\":{\"@id\":\"https:\\\/\\\/www.parlemucorsu.corsica\\\/cc\\\/butteca\\\/#breadcrumb\"},\"inLanguage\":\"cc-Cc\",\"potentialAction\":[{\"@type\":\"ReadAction\",\"target\":[\"https:\\\/\\\/www.parlemucorsu.corsica\\\/cc\\\/butteca\\\/\"]}]},{\"@type\":\"BreadcrumbList\",\"@id\":\"https:\\\/\\\/www.parlemucorsu.corsica\\\/cc\\\/butteca\\\/#breadcrumb\",\"itemListElement\":[{\"@type\":\"ListItem\",\"position\":1,\"name\":\"Accueil\",\"item\":\"https:\\\/\\\/www.parlemucorsu.corsica\\\/cc\\\/\"},{\"@type\":\"ListItem\",\"position\":2,\"name\":\"Butteca\"}]},{\"@type\":\"WebSite\",\"@id\":\"https:\\\/\\\/www.parlemucorsu.corsica\\\/#website\",\"url\":\"https:\\\/\\\/www.parlemucorsu.corsica\\\/\",\"name\":\"Parlemu Corsu !\",\"description\":\"\",\"publisher\":{\"@id\":\"https:\\\/\\\/www.parlemucorsu.corsica\\\/#organization\"},\"potentialAction\":[{\"@type\":\"SearchAction\",\"target\":{\"@type\":\"EntryPoint\",\"urlTemplate\":\"https:\\\/\\\/www.parlemucorsu.corsica\\\/?s={search_term_string}\"},\"query-input\":{\"@type\":\"PropertyValueSpecification\",\"valueRequired\":true,\"valueName\":\"search_term_string\"}}],\"inLanguage\":\"cc-Cc\"},{\"@type\":\"Organization\",\"@id\":\"https:\\\/\\\/www.parlemucorsu.corsica\\\/#organization\",\"name\":\"Parlemu Corsu !\",\"url\":\"https:\\\/\\\/www.parlemucorsu.corsica\\\/\",\"logo\":{\"@type\":\"ImageObject\",\"inLanguage\":\"cc-Cc\",\"@id\":\"https:\\\/\\\/www.parlemucorsu.corsica\\\/#\\\/schema\\\/logo\\\/image\\\/\",\"url\":\"https:\\\/\\\/www.parlemucorsu.corsica\\\/wp-content\\\/uploads\\\/2025\\\/10\\\/Logo-Parlemu-Corsu.png\",\"contentUrl\":\"https:\\\/\\\/www.parlemucorsu.corsica\\\/wp-content\\\/uploads\\\/2025\\\/10\\\/Logo-Parlemu-Corsu.png\",\"width\":494,\"height\":579,\"caption\":\"Parlemu Corsu !\"},\"image\":{\"@id\":\"https:\\\/\\\/www.parlemucorsu.corsica\\\/#\\\/schema\\\/logo\\\/image\\\/\"},\"sameAs\":[\"https:\\\/\\\/www.facebook.com\\\/cullittivuparlemucorsu\\\/\",\"https:\\\/\\\/x.com\\\/parlemucorsu\",\"https:\\\/\\\/www.instagram.com\\\/parlemu_corsu\\\/\"]}]}<\/script>\n<!-- \/ Yoast SEO plugin. -->","yoast_head_json":{"title":"Butteca | Parlemu Corsu","robots":{"index":"index","follow":"follow","max-snippet":"max-snippet:-1","max-image-preview":"max-image-preview:large","max-video-preview":"max-video-preview:-1"},"canonical":"https:\/\/www.parlemucorsu.corsica\/cc\/butteca\/","og_locale":"en_US","og_type":"article","og_title":"Butteca | Parlemu Corsu","og_description":"[vc_row row_height_percent=&#8221;0&#8243; override_padding=&#8221;yes&#8221; h_padding=&#8221;2&#8243; top_padding=&#8221;3&#8243; bottom_padding=&#8221;3&#8243; back_color=&#8221;color-210407&#8243; overlay_alpha=&#8221;50&#8243; gutter_size=&#8221;3&#8243; column_width_percent=&#8221;100&#8243; shift_y=&#8221;0&#8243; z_index=&#8221;0&#8243; content_parallax=&#8221;0&#8243; uncode_shortcode_id=&#8221;132835&#8243; back_color_type=&#8221;uncode-palette&#8221;][vc_column column_width_percent=&#8221;100&#8243; gutter_size=&#8221;3&#8243; style=&#8221;dark&#8221; overlay_alpha=&#8221;50&#8243; shift_x=&#8221;0&#8243; [&hellip;]","og_url":"https:\/\/www.parlemucorsu.corsica\/cc\/butteca\/","og_site_name":"Parlemu Corsu","article_publisher":"https:\/\/www.facebook.com\/cullittivuparlemucorsu\/","article_modified_time":"2025-11-10T01:21:15+00:00","twitter_card":"summary_large_image","twitter_site":"@parlemucorsu","twitter_misc":{"Est. reading time":"1 minute"},"schema":{"@context":"https:\/\/schema.org","@graph":[{"@type":"WebPage","@id":"https:\/\/www.parlemucorsu.corsica\/cc\/butteca\/","url":"https:\/\/www.parlemucorsu.corsica\/cc\/butteca\/","name":"Butteca | Parlemu Corsu","isPartOf":{"@id":"https:\/\/www.parlemucorsu.corsica\/#website"},"datePublished":"2021-04-03T09:25:34+00:00","dateModified":"2025-11-10T01:21:15+00:00","breadcrumb":{"@id":"https:\/\/www.parlemucorsu.corsica\/cc\/butteca\/#breadcrumb"},"inLanguage":"cc-Cc","potentialAction":[{"@type":"ReadAction","target":["https:\/\/www.parlemucorsu.corsica\/cc\/butteca\/"]}]},{"@type":"BreadcrumbList","@id":"https:\/\/www.parlemucorsu.corsica\/cc\/butteca\/#breadcrumb","itemListElement":[{"@type":"ListItem","position":1,"name":"Accueil","item":"https:\/\/www.parlemucorsu.corsica\/cc\/"},{"@type":"ListItem","position":2,"name":"Butteca"}]},{"@type":"WebSite","@id":"https:\/\/www.parlemucorsu.corsica\/#website","url":"https:\/\/www.parlemucorsu.corsica\/","name":"Parlemu Corsu !","description":"","publisher":{"@id":"https:\/\/www.parlemucorsu.corsica\/#organization"},"potentialAction":[{"@type":"SearchAction","target":{"@type":"EntryPoint","urlTemplate":"https:\/\/www.parlemucorsu.corsica\/?s={search_term_string}"},"query-input":{"@type":"PropertyValueSpecification","valueRequired":true,"valueName":"search_term_string"}}],"inLanguage":"cc-Cc"},{"@type":"Organization","@id":"https:\/\/www.parlemucorsu.corsica\/#organization","name":"Parlemu Corsu !","url":"https:\/\/www.parlemucorsu.corsica\/","logo":{"@type":"ImageObject","inLanguage":"cc-Cc","@id":"https:\/\/www.parlemucorsu.corsica\/#\/schema\/logo\/image\/","url":"https:\/\/www.parlemucorsu.corsica\/wp-content\/uploads\/2025\/10\/Logo-Parlemu-Corsu.png","contentUrl":"https:\/\/www.parlemucorsu.corsica\/wp-content\/uploads\/2025\/10\/Logo-Parlemu-Corsu.png","width":494,"height":579,"caption":"Parlemu Corsu !"},"image":{"@id":"https:\/\/www.parlemucorsu.corsica\/#\/schema\/logo\/image\/"},"sameAs":["https:\/\/www.facebook.com\/cullittivuparlemucorsu\/","https:\/\/x.com\/parlemucorsu","https:\/\/www.instagram.com\/parlemu_corsu\/"]}]}},"_links":{"self":[{"href":"https:\/\/www.parlemucorsu.corsica\/cc\/wp-json\/wp\/v2\/pages\/6685","targetHints":{"allow":["GET"]}}],"collection":[{"href":"https:\/\/www.parlemucorsu.corsica\/cc\/wp-json\/wp\/v2\/pages"}],"about":[{"href":"https:\/\/www.parlemucorsu.corsica\/cc\/wp-json\/wp\/v2\/types\/page"}],"author":[{"embeddable":true,"href":"https:\/\/www.parlemucorsu.corsica\/cc\/wp-json\/wp\/v2\/users\/4"}],"replies":[{"embeddable":true,"href":"https:\/\/www.parlemucorsu.corsica\/cc\/wp-json\/wp\/v2\/comments?post=6685"}],"version-history":[{"count":0,"href":"https:\/\/www.parlemucorsu.corsica\/cc\/wp-json\/wp\/v2\/pages\/6685\/revisions"}],"wp:attachment":[{"href":"https:\/\/www.parlemucorsu.corsica\/cc\/wp-json\/wp\/v2\/media?parent=6685"}],"curies":[{"name":"wp","href":"https:\/\/api.w.org\/{rel}","templated":true}]}}