{"id":12129,"date":"2025-11-05T04:04:09","date_gmt":"2025-11-05T03:04:09","guid":{"rendered":"https:\/\/www.parlemucorsu.corsica\/a-currilingua-2\/"},"modified":"2026-04-15T11:21:11","modified_gmt":"2026-04-15T09:21:11","slug":"a-currilingua","status":"publish","type":"page","link":"https:\/\/www.parlemucorsu.corsica\/cc\/a-currilingua\/","title":{"rendered":"A Currilingua"},"content":{"rendered":"<div class=\"wpb-content-wrapper\"><p>[vc_row row_height_percent=&#8221;0&#8243; override_padding=&#8221;yes&#8221; h_padding=&#8221;2&#8243; top_padding=&#8221;3&#8243; bottom_padding=&#8221;3&#8243; back_color=&#8221;color-210407&#8243; overlay_alpha=&#8221;50&#8243; gutter_size=&#8221;3&#8243; column_width_percent=&#8221;100&#8243; shift_y=&#8221;0&#8243; z_index=&#8221;0&#8243; bottom_divider=&#8221;curve-asym-opacity&#8221; content_parallax=&#8221;0&#8243; uncode_shortcode_id=&#8221;120414&#8243; back_color_type=&#8221;uncode-palette&#8221;][vc_column column_width_percent=&#8221;100&#8243; gutter_size=&#8221;3&#8243; style=&#8221;dark&#8221; overlay_alpha=&#8221;50&#8243; shift_x=&#8221;0&#8243; shift_y=&#8221;0&#8243; shift_y_down=&#8221;0&#8243; z_index=&#8221;0&#8243; medium_width=&#8221;0&#8243; mobile_width=&#8221;0&#8243; uncode_shortcode_id=&#8221;369336&#8243;][vc_custom_heading auto_text=&#8221;yes&#8221; heading_semantic=&#8221;h1&#8243; uncode_shortcode_id=&#8221;174413&#8243;][\/vc_custom_heading][\/vc_column][\/vc_row][vc_row row_height_percent=&#8221;0&#8243; override_padding=&#8221;yes&#8221; h_padding=&#8221;2&#8243; top_padding=&#8221;2&#8243; bottom_padding=&#8221;2&#8243; overlay_alpha=&#8221;50&#8243; equal_height=&#8221;yes&#8221; gutter_size=&#8221;3&#8243; column_width_percent=&#8221;100&#8243; shift_y=&#8221;0&#8243; z_index=&#8221;0&#8243; enable_top_divider=&#8221;default&#8221; top_divider_inv=&#8221;curve-asym-opacity&#8221; shape_top_invert=&#8221;yes&#8221; shape_top_h_use_pixel=&#8221;&#8221; shape_top_height=&#8221;70&#8243; shape_top_color=&#8221;color-210407&#8243; shape_top_opacity=&#8221;100&#8243; shape_top_index=&#8221;0&#8243; shape_top_responsive=&#8221;yes&#8221; shape_top_mobile_hide=&#8221;yes&#8221; content_parallax=&#8221;0&#8243; content_placement=&#8221;middle&#8221; css=&#8221;.vc_custom_1762500737092{padding-top: 80px !important;padding-bottom: 50px !important;}&#8221; uncode_shortcode_id=&#8221;158477&#8243; shape_top_color_type=&#8221;uncode-palette&#8221;][vc_column column_width_percent=&#8221;100&#8243; align_horizontal=&#8221;align_center&#8221; gutter_size=&#8221;3&#8243; overlay_alpha=&#8221;50&#8243; shift_x=&#8221;0&#8243; shift_y=&#8221;0&#8243; shift_y_down=&#8221;0&#8243; z_index=&#8221;0&#8243; medium_width=&#8221;0&#8243; mobile_width=&#8221;0&#8243; width=&#8221;1\/2&#8243; css=&#8221;.vc_custom_1762736566190{padding-top: 0px !important;}&#8221; uncode_shortcode_id=&#8221;192726&#8243;][vc_custom_heading text_size=&#8221;h3&#8243; text_weight=&#8221;600&#8243; uncode_shortcode_id=&#8221;279704&#8243;]Ai\u00f2 currimu per a nostra lingua ![\/vc_custom_heading][vc_row_inner][vc_column_inner column_width_percent=&#8221;100&#8243; gutter_size=&#8221;3&#8243; overlay_alpha=&#8221;50&#8243; shift_x=&#8221;0&#8243; shift_y=&#8221;0&#8243; shift_y_down=&#8221;0&#8243; z_index=&#8221;0&#8243; medium_width=&#8221;0&#8243; mobile_width=&#8221;0&#8243; width=&#8221;3\/4&#8243; uncode_shortcode_id=&#8221;919159&#8243;][vc_custom_heading text_color=&#8221;color-rgdb&#8221; heading_semantic=&#8221;h3&#8243; text_font=&#8221;font-193879&#8243; text_size=&#8221;h4&#8243; uncode_shortcode_id=&#8221;147737&#8243; text_color_type=&#8221;uncode-palette&#8221;]H\u00e8 una\u00a0<strong>corsa \u00e0 pr\u00f2 di a lingua corsa<\/strong>, fatta p\u00e8<strong> accoglie soldi c\u00f9 l\u2019ugettivu di finanz\u00e0 grendi prugetti \u00e0 favore di l\u2019usu di u corsu.<\/strong>[\/vc_custom_heading][vc_column_text text_lead=&#8221;yes&#8221; uncode_shortcode_id=&#8221;122396&#8243;]<\/p>\n<ul>\n<li>\u00d9n si corre micca p\u00e8 vince ; h\u00e8 una corsa c\u00f9 un testimone \u00e0 trasmette.<\/li>\n<li>\u00d9n si corre micca p\u00e8 vince ; h\u00e8 una corsa c\u00f9 chilometri \u00e0 cumpr\u00e0.<\/li>\n<li>H\u00e8 una corsa ch\u00ec si vole festiva, ch\u00ec vole impegn\u00e0 u pi\u00f9 pussibile di ghjente \u00e8 chjamata \u00e0 cresce d\u2019un annu \u00e0 l\u2019altru !<\/li>\n<li>Tutti i chilometri una persona sfarente deve trasmette u testimone !<\/li>\n<li>Tutti i chilometri devenu esse cumprati da una entit\u00e0 sfarente !<\/li>\n<\/ul>\n<p>[\/vc_column_text][\/vc_column_inner][vc_column_inner column_width_percent=&#8221;100&#8243; gutter_size=&#8221;3&#8243; overlay_alpha=&#8221;50&#8243; shift_x=&#8221;0&#8243; shift_y=&#8221;0&#8243; shift_y_down=&#8221;0&#8243; z_index=&#8221;0&#8243; medium_width=&#8221;0&#8243; mobile_width=&#8221;0&#8243; width=&#8221;1\/4&#8243; uncode_shortcode_id=&#8221;179530&#8243;][vc_single_image media=&#8221;10709&#8243; media_width_percent=&#8221;100&#8243; alignment=&#8221;center&#8221; uncode_shortcode_id=&#8221;143079&#8243;][\/vc_column_inner][\/vc_row_inner][vc_button button_color=&#8221;color-uydo&#8221; border_width=&#8221;0&#8243; link=&#8221;url:%23|title:Risirv%C3%A0%20un%20chil%C3%B2mitru&#8221; uncode_shortcode_id=&#8221;120597&#8243; button_color_type=&#8221;uncode-palette&#8221; icon=&#8221;fa fa-document-text&#8221; rel=&#8221;disable&#8221;]Riserv\u00e0 un chilometru[\/vc_button][\/vc_column][\/vc_row][vc_row row_height_percent=&#8221;0&#8243; override_padding=&#8221;yes&#8221; h_padding=&#8221;2&#8243; top_padding=&#8221;2&#8243; bottom_padding=&#8221;3&#8243; overlay_alpha=&#8221;50&#8243; gutter_size=&#8221;3&#8243; column_width_percent=&#8221;100&#8243; shift_y=&#8221;0&#8243; z_index=&#8221;0&#8243; content_parallax=&#8221;0&#8243; uncode_shortcode_id=&#8221;165772&#8243;][vc_column column_width_percent=&#8221;100&#8243; align_horizontal=&#8221;align_center&#8221; gutter_size=&#8221;3&#8243; overlay_alpha=&#8221;50&#8243; shift_x=&#8221;0&#8243; shift_y=&#8221;0&#8243; shift_y_down=&#8221;0&#8243; z_index=&#8221;0&#8243; medium_width=&#8221;0&#8243; mobile_width=&#8221;0&#8243; width=&#8221;1\/1&#8243; uncode_shortcode_id=&#8221;111523&#8243;][vc_custom_heading text_size=&#8221;h3&#8243; text_weight=&#8221;600&#8243; uncode_shortcode_id=&#8221;214364&#8243;]L&#8217;edizioni[\/vc_custom_heading][vc_row_inner][vc_column_inner column_width_percent=&#8221;100&#8243; align_horizontal=&#8221;align_center&#8221; gutter_size=&#8221;2&#8243; overlay_alpha=&#8221;50&#8243; shift_x=&#8221;0&#8243; shift_y=&#8221;0&#8243; shift_y_down=&#8221;0&#8243; z_index=&#8221;0&#8243; medium_width=&#8221;4&#8243; mobile_width=&#8221;4&#8243; width=&#8221;1\/4&#8243; uncode_shortcode_id=&#8221;349009&#8243;][vc_single_image media=&#8221;10969&#8243; media_width_percent=&#8221;100&#8243; uncode_shortcode_id=&#8221;822449&#8243; media_link=&#8221;url:https%3A%2F%2Fwww.parlemucorsu.corsica%2Fcc%2Fa-currilingua%2Fquattresima-edizione-di-a-currilingua%2F|title:Quattr%C3%A8sima%20edizione%20di%20a%20Currilingua&#8221;][vc_custom_heading text_color=&#8221;color-rgdb&#8221; heading_semantic=&#8221;h3&#8243; text_font=&#8221;font-193879&#8243; text_size=&#8221;h4&#8243; sub_reduced=&#8221;yes&#8221; uncode_shortcode_id=&#8221;131577&#8243; text_color_type=&#8221;uncode-palette&#8221; subheading=&#8221;2024&#8243;]4<sup>sima<\/sup> edizione[\/vc_custom_heading][\/vc_column_inner][vc_column_inner column_width_percent=&#8221;100&#8243; align_horizontal=&#8221;align_center&#8221; gutter_size=&#8221;2&#8243; overlay_alpha=&#8221;50&#8243; shift_x=&#8221;0&#8243; shift_y=&#8221;0&#8243; shift_y_down=&#8221;0&#8243; z_index=&#8221;0&#8243; medium_width=&#8221;4&#8243; mobile_width=&#8221;4&#8243; width=&#8221;1\/4&#8243; uncode_shortcode_id=&#8221;234801&#8243;][vc_single_image media=&#8221;9926&#8243; media_width_percent=&#8221;100&#8243; uncode_shortcode_id=&#8221;362258&#8243; media_link=&#8221;url:https%3A%2F%2Fwww.parlemucorsu.corsica%2Fcc%2Fa-currilingua%2Fterza-edizione-di-a-currilingua%2F|title:Terza%20idizioni%20di%20a%20Currilingua&#8221;][vc_custom_heading text_color=&#8221;color-rgdb&#8221; heading_semantic=&#8221;h3&#8243; text_font=&#8221;font-193879&#8243; text_size=&#8221;h4&#8243; sub_reduced=&#8221;yes&#8221; uncode_shortcode_id=&#8221;154993&#8243; text_color_type=&#8221;uncode-palette&#8221; subheading=&#8221;2023&#8243;]3<sup>za<\/sup> edizione[\/vc_custom_heading][\/vc_column_inner][vc_column_inner column_width_percent=&#8221;100&#8243; align_horizontal=&#8221;align_center&#8221; gutter_size=&#8221;2&#8243; overlay_alpha=&#8221;50&#8243; shift_x=&#8221;0&#8243; shift_y=&#8221;0&#8243; shift_y_down=&#8221;0&#8243; z_index=&#8221;0&#8243; medium_width=&#8221;4&#8243; mobile_width=&#8221;4&#8243; width=&#8221;1\/4&#8243; uncode_shortcode_id=&#8221;781005&#8243;][vc_single_image media=&#8221;8970&#8243; media_width_percent=&#8221;100&#8243; uncode_shortcode_id=&#8221;249358&#8243; media_link=&#8221;url:https%3A%2F%2Fwww.parlemucorsu.corsica%2Fcc%2Fa-currilingua%2Fseconda-edizione-di-a-currilingua%2F|title:Siconda%20idizioni%20di%20a%20Currilingua&#8221;][vc_custom_heading text_color=&#8221;color-rgdb&#8221; heading_semantic=&#8221;h3&#8243; text_font=&#8221;font-193879&#8243; text_size=&#8221;h4&#8243; sub_reduced=&#8221;yes&#8221; uncode_shortcode_id=&#8221;150699&#8243; text_color_type=&#8221;uncode-palette&#8221; subheading=&#8221;2022&#8243;]2<sup>da<\/sup> edizione[\/vc_custom_heading][\/vc_column_inner][vc_column_inner column_width_percent=&#8221;100&#8243; align_horizontal=&#8221;align_center&#8221; gutter_size=&#8221;2&#8243; overlay_alpha=&#8221;50&#8243; shift_x=&#8221;0&#8243; shift_y=&#8221;0&#8243; shift_y_down=&#8221;0&#8243; z_index=&#8221;0&#8243; medium_width=&#8221;4&#8243; mobile_width=&#8221;4&#8243; width=&#8221;1\/4&#8243; uncode_shortcode_id=&#8221;179043&#8243;][vc_single_image media=&#8221;7223&#8243; media_width_percent=&#8221;100&#8243; uncode_shortcode_id=&#8221;139973&#8243; media_link=&#8221;url:https%3A%2F%2Fwww.parlemucorsu.corsica%2Fcc%2Fa-currilingua%2Fprima-edizione-di-a-currilingua%2F|title:Prima%20idizioni%20di%20a%20Currilingua&#8221;][vc_custom_heading text_color=&#8221;color-rgdb&#8221; heading_semantic=&#8221;h3&#8243; text_font=&#8221;font-193879&#8243; text_size=&#8221;h4&#8243; sub_reduced=&#8221;yes&#8221; uncode_shortcode_id=&#8221;186500&#8243; text_color_type=&#8221;uncode-palette&#8221; subheading=&#8221;2021&#8243;]1<sup>ma<\/sup> edizione[\/vc_custom_heading][\/vc_column_inner][\/vc_row_inner][\/vc_column][\/vc_row][vc_row row_height_percent=&#8221;0&#8243; override_padding=&#8221;yes&#8221; h_padding=&#8221;2&#8243; top_padding=&#8221;0&#8243; bottom_padding=&#8221;3&#8243; overlay_alpha=&#8221;50&#8243; gutter_size=&#8221;3&#8243; column_width_percent=&#8221;100&#8243; shift_y=&#8221;0&#8243; z_index=&#8221;0&#8243; content_parallax=&#8221;0&#8243; uncode_shortcode_id=&#8221;155606&#8243;][vc_column column_width_percent=&#8221;100&#8243; align_horizontal=&#8221;align_center&#8221; gutter_size=&#8221;1&#8243; overlay_alpha=&#8221;50&#8243; shift_x=&#8221;0&#8243; shift_y=&#8221;0&#8243; shift_y_down=&#8221;0&#8243; z_index=&#8221;0&#8243; medium_width=&#8221;0&#8243; mobile_width=&#8221;0&#8243; width=&#8221;1\/1&#8243; uncode_shortcode_id=&#8221;213184&#8243;][vc_custom_heading text_color=&#8221;color-210407&#8243; heading_semantic=&#8221;h3&#8243; text_font=&#8221;font-193879&#8243; text_size=&#8221;h4&#8243; uncode_shortcode_id=&#8221;483713&#8243; text_color_type=&#8221;uncode-palette&#8221;]Dapoi u 2021 una parte d\u2019i soldi accolti ci anu permessu di purt\u00e0 un aiutu finanziariu \u00e0[\/vc_custom_heading][uncode_list icon=&#8221;fa fa-caret-right&#8221; icon_color=&#8221;color-210407&#8243; uncode_shortcode_id=&#8221;204850&#8243; icon_color_type=&#8221;uncode-palette&#8221;]<\/p>\n<ul>\n<li><strong>Fiuramossa<\/strong> (associu di duppiame di i filmi in lingua corsa)<\/li>\n<li><strong>Scola Corsa<\/strong> (scoli assuciativi in immersione)<\/li>\n<li><strong>a Radi\u00f2 web di Basta \u00e0 Parl\u00e0<\/strong> (associu aiaccinu ch\u00ec prumove l\u2019usu d\u2019u corsu)<\/li>\n<li><strong>Furm\u00e0nima<\/strong> (furmazione in lingua corsa p\u00e8 l\u2019animatori micr\u00f2 di e fiere \u00e8 altri evinimenti)<\/li>\n<li><strong>Rubutiscola<\/strong> (attelli in lingua corsa di rubotica in mezu scularu)<\/li>\n<li><strong>Morra Murrina<\/strong> (filmettu) c\u00f9 a lingua corsa \u00e0 l\u2019unore<\/li>\n<li><strong>u mantinimentu infurm\u00e0ticu<\/strong> d\u2019u nostru situ internet <em>parlemucorsu.corsica<\/em><\/li>\n<\/ul>\n<p>[\/uncode_list][\/vc_column][\/vc_row][vc_row row_height_percent=&#8221;0&#8243; override_padding=&#8221;yes&#8221; h_padding=&#8221;2&#8243; top_padding=&#8221;0&#8243; bottom_padding=&#8221;3&#8243; overlay_alpha=&#8221;50&#8243; gutter_size=&#8221;3&#8243; column_width_percent=&#8221;100&#8243; shift_y=&#8221;0&#8243; z_index=&#8221;0&#8243; content_parallax=&#8221;0&#8243; uncode_shortcode_id=&#8221;155606&#8243;][vc_column column_width_percent=&#8221;100&#8243; align_horizontal=&#8221;align_center&#8221; gutter_size=&#8221;1&#8243; overlay_alpha=&#8221;50&#8243; shift_x=&#8221;0&#8243; shift_y=&#8221;0&#8243; shift_y_down=&#8221;0&#8243; z_index=&#8221;0&#8243; medium_width=&#8221;0&#8243; mobile_width=&#8221;0&#8243; width=&#8221;1\/1&#8243; uncode_shortcode_id=&#8221;213184&#8243;][vc_custom_heading text_color=&#8221;color-nhtu&#8221; text_size=&#8221;h3&#8243; text_weight=&#8221;600&#8243; uncode_shortcode_id=&#8221;209230&#8243; text_color_type=&#8221;uncode-palette&#8221;]&#8230; \u00f9n rumpimu micca a catena ![\/vc_custom_heading][vc_single_image media=&#8221;6651&#8243; media_width_use_pixel=&#8221;yes&#8221; alignment=&#8221;center&#8221; uncode_shortcode_id=&#8221;294034&#8243; media_width_pixel=&#8221;300&#8243;][\/vc_column][\/vc_row]<\/p>\n<\/div>","protected":false},"excerpt":{"rendered":"<p>[vc_row row_height_percent=&#8221;0&#8243; override_padding=&#8221;yes&#8221; h_padding=&#8221;2&#8243; top_padding=&#8221;3&#8243; bottom_padding=&#8221;3&#8243; back_color=&#8221;color-210407&#8243; overlay_alpha=&#8221;50&#8243; gutter_size=&#8221;3&#8243; column_width_percent=&#8221;100&#8243; shift_y=&#8221;0&#8243; z_index=&#8221;0&#8243; bottom_divider=&#8221;curve-asym-opacity&#8221; content_parallax=&#8221;0&#8243; uncode_shortcode_id=&#8221;120414&#8243; back_color_type=&#8221;uncode-palette&#8221;][vc_column column_width_percent=&#8221;100&#8243; gutter_size=&#8221;3&#8243; style=&#8221;dark&#8221; overlay_alpha=&#8221;50&#8243; [&hellip;]<\/p>\n","protected":false},"author":4,"featured_media":0,"parent":0,"menu_order":2,"comment_status":"closed","ping_status":"closed","template":"","meta":{"footnotes":""},"class_list":["post-12129","page","type-page","status-publish","hentry"],"yoast_head":"<!-- This site is optimized with the Yoast SEO plugin v27.4 - https:\/\/yoast.com\/product\/yoast-seo-wordpress\/ -->\n<title>Parlemu Corsu | P\u00e0 una sucit\u00e0 bislingua<\/title>\n<meta name=\"description\" content=\"Cullitivu p\u00e0 cuntribu\u00ec \u00e0 l\u2019ilaburazioni prugrissiva d\u2019una sucit\u00e0 bislingua (Corsu\/Francesu) in C\u00f2rsica.\" \/>\n<meta name=\"robots\" content=\"index, follow, max-snippet:-1, max-image-preview:large, max-video-preview:-1\" \/>\n<link rel=\"canonical\" href=\"https:\/\/www.parlemucorsu.corsica\/cc\/a-currilingua\/\" \/>\n<meta property=\"og:locale\" content=\"en_US\" \/>\n<meta property=\"og:type\" content=\"article\" \/>\n<meta property=\"og:title\" content=\"Parlemu Corsu | P\u00e0 una sucit\u00e0 bislingua\" \/>\n<meta property=\"og:description\" content=\"Cullitivu p\u00e0 cuntribu\u00ec \u00e0 l\u2019ilaburazioni prugrissiva d\u2019una sucit\u00e0 bislingua (Corsu\/Francesu) in C\u00f2rsica.\" \/>\n<meta property=\"og:url\" content=\"https:\/\/www.parlemucorsu.corsica\/cc\/a-currilingua\/\" \/>\n<meta property=\"og:site_name\" content=\"Parlemu Corsu\" \/>\n<meta property=\"article:publisher\" content=\"https:\/\/www.facebook.com\/cullittivuparlemucorsu\/\" \/>\n<meta property=\"article:modified_time\" content=\"2026-04-15T09:21:11+00:00\" \/>\n<meta name=\"twitter:card\" content=\"summary_large_image\" \/>\n<meta name=\"twitter:site\" content=\"@parlemucorsu\" \/>\n<meta name=\"twitter:label1\" content=\"Est. reading time\" \/>\n\t<meta name=\"twitter:data1\" content=\"2 minutes\" \/>\n<script type=\"application\/ld+json\" class=\"yoast-schema-graph\">{\"@context\":\"https:\\\/\\\/schema.org\",\"@graph\":[{\"@type\":\"WebPage\",\"@id\":\"https:\\\/\\\/www.parlemucorsu.corsica\\\/cc\\\/a-currilingua\\\/\",\"url\":\"https:\\\/\\\/www.parlemucorsu.corsica\\\/cc\\\/a-currilingua\\\/\",\"name\":\"Parlemu Corsu | P\u00e0 una sucit\u00e0 bislingua\",\"isPartOf\":{\"@id\":\"https:\\\/\\\/www.parlemucorsu.corsica\\\/#website\"},\"datePublished\":\"2025-11-05T03:04:09+00:00\",\"dateModified\":\"2026-04-15T09:21:11+00:00\",\"description\":\"Cullitivu p\u00e0 cuntribu\u00ec \u00e0 l\u2019ilaburazioni prugrissiva d\u2019una sucit\u00e0 bislingua (Corsu\\\/Francesu) in C\u00f2rsica.\",\"breadcrumb\":{\"@id\":\"https:\\\/\\\/www.parlemucorsu.corsica\\\/cc\\\/a-currilingua\\\/#breadcrumb\"},\"inLanguage\":\"cc-Cc\",\"potentialAction\":[{\"@type\":\"ReadAction\",\"target\":[\"https:\\\/\\\/www.parlemucorsu.corsica\\\/cc\\\/a-currilingua\\\/\"]}]},{\"@type\":\"BreadcrumbList\",\"@id\":\"https:\\\/\\\/www.parlemucorsu.corsica\\\/cc\\\/a-currilingua\\\/#breadcrumb\",\"itemListElement\":[{\"@type\":\"ListItem\",\"position\":1,\"name\":\"Accueil\",\"item\":\"https:\\\/\\\/www.parlemucorsu.corsica\\\/cc\\\/\"},{\"@type\":\"ListItem\",\"position\":2,\"name\":\"A Currilingua\"}]},{\"@type\":\"WebSite\",\"@id\":\"https:\\\/\\\/www.parlemucorsu.corsica\\\/#website\",\"url\":\"https:\\\/\\\/www.parlemucorsu.corsica\\\/\",\"name\":\"Parlemu Corsu !\",\"description\":\"\",\"publisher\":{\"@id\":\"https:\\\/\\\/www.parlemucorsu.corsica\\\/#organization\"},\"potentialAction\":[{\"@type\":\"SearchAction\",\"target\":{\"@type\":\"EntryPoint\",\"urlTemplate\":\"https:\\\/\\\/www.parlemucorsu.corsica\\\/?s={search_term_string}\"},\"query-input\":{\"@type\":\"PropertyValueSpecification\",\"valueRequired\":true,\"valueName\":\"search_term_string\"}}],\"inLanguage\":\"cc-Cc\"},{\"@type\":\"Organization\",\"@id\":\"https:\\\/\\\/www.parlemucorsu.corsica\\\/#organization\",\"name\":\"Parlemu Corsu !\",\"url\":\"https:\\\/\\\/www.parlemucorsu.corsica\\\/\",\"logo\":{\"@type\":\"ImageObject\",\"inLanguage\":\"cc-Cc\",\"@id\":\"https:\\\/\\\/www.parlemucorsu.corsica\\\/#\\\/schema\\\/logo\\\/image\\\/\",\"url\":\"https:\\\/\\\/www.parlemucorsu.corsica\\\/wp-content\\\/uploads\\\/2025\\\/10\\\/Logo-Parlemu-Corsu.png\",\"contentUrl\":\"https:\\\/\\\/www.parlemucorsu.corsica\\\/wp-content\\\/uploads\\\/2025\\\/10\\\/Logo-Parlemu-Corsu.png\",\"width\":494,\"height\":579,\"caption\":\"Parlemu Corsu !\"},\"image\":{\"@id\":\"https:\\\/\\\/www.parlemucorsu.corsica\\\/#\\\/schema\\\/logo\\\/image\\\/\"},\"sameAs\":[\"https:\\\/\\\/www.facebook.com\\\/cullittivuparlemucorsu\\\/\",\"https:\\\/\\\/x.com\\\/parlemucorsu\",\"https:\\\/\\\/www.instagram.com\\\/parlemu_corsu\\\/\"]}]}<\/script>\n<!-- \/ Yoast SEO plugin. -->","yoast_head_json":{"title":"Parlemu Corsu | P\u00e0 una sucit\u00e0 bislingua","description":"Cullitivu p\u00e0 cuntribu\u00ec \u00e0 l\u2019ilaburazioni prugrissiva d\u2019una sucit\u00e0 bislingua (Corsu\/Francesu) in C\u00f2rsica.","robots":{"index":"index","follow":"follow","max-snippet":"max-snippet:-1","max-image-preview":"max-image-preview:large","max-video-preview":"max-video-preview:-1"},"canonical":"https:\/\/www.parlemucorsu.corsica\/cc\/a-currilingua\/","og_locale":"en_US","og_type":"article","og_title":"Parlemu Corsu | P\u00e0 una sucit\u00e0 bislingua","og_description":"Cullitivu p\u00e0 cuntribu\u00ec \u00e0 l\u2019ilaburazioni prugrissiva d\u2019una sucit\u00e0 bislingua (Corsu\/Francesu) in C\u00f2rsica.","og_url":"https:\/\/www.parlemucorsu.corsica\/cc\/a-currilingua\/","og_site_name":"Parlemu Corsu","article_publisher":"https:\/\/www.facebook.com\/cullittivuparlemucorsu\/","article_modified_time":"2026-04-15T09:21:11+00:00","twitter_card":"summary_large_image","twitter_site":"@parlemucorsu","twitter_misc":{"Est. reading time":"2 minutes"},"schema":{"@context":"https:\/\/schema.org","@graph":[{"@type":"WebPage","@id":"https:\/\/www.parlemucorsu.corsica\/cc\/a-currilingua\/","url":"https:\/\/www.parlemucorsu.corsica\/cc\/a-currilingua\/","name":"Parlemu Corsu | P\u00e0 una sucit\u00e0 bislingua","isPartOf":{"@id":"https:\/\/www.parlemucorsu.corsica\/#website"},"datePublished":"2025-11-05T03:04:09+00:00","dateModified":"2026-04-15T09:21:11+00:00","description":"Cullitivu p\u00e0 cuntribu\u00ec \u00e0 l\u2019ilaburazioni prugrissiva d\u2019una sucit\u00e0 bislingua (Corsu\/Francesu) in C\u00f2rsica.","breadcrumb":{"@id":"https:\/\/www.parlemucorsu.corsica\/cc\/a-currilingua\/#breadcrumb"},"inLanguage":"cc-Cc","potentialAction":[{"@type":"ReadAction","target":["https:\/\/www.parlemucorsu.corsica\/cc\/a-currilingua\/"]}]},{"@type":"BreadcrumbList","@id":"https:\/\/www.parlemucorsu.corsica\/cc\/a-currilingua\/#breadcrumb","itemListElement":[{"@type":"ListItem","position":1,"name":"Accueil","item":"https:\/\/www.parlemucorsu.corsica\/cc\/"},{"@type":"ListItem","position":2,"name":"A Currilingua"}]},{"@type":"WebSite","@id":"https:\/\/www.parlemucorsu.corsica\/#website","url":"https:\/\/www.parlemucorsu.corsica\/","name":"Parlemu Corsu !","description":"","publisher":{"@id":"https:\/\/www.parlemucorsu.corsica\/#organization"},"potentialAction":[{"@type":"SearchAction","target":{"@type":"EntryPoint","urlTemplate":"https:\/\/www.parlemucorsu.corsica\/?s={search_term_string}"},"query-input":{"@type":"PropertyValueSpecification","valueRequired":true,"valueName":"search_term_string"}}],"inLanguage":"cc-Cc"},{"@type":"Organization","@id":"https:\/\/www.parlemucorsu.corsica\/#organization","name":"Parlemu Corsu !","url":"https:\/\/www.parlemucorsu.corsica\/","logo":{"@type":"ImageObject","inLanguage":"cc-Cc","@id":"https:\/\/www.parlemucorsu.corsica\/#\/schema\/logo\/image\/","url":"https:\/\/www.parlemucorsu.corsica\/wp-content\/uploads\/2025\/10\/Logo-Parlemu-Corsu.png","contentUrl":"https:\/\/www.parlemucorsu.corsica\/wp-content\/uploads\/2025\/10\/Logo-Parlemu-Corsu.png","width":494,"height":579,"caption":"Parlemu Corsu !"},"image":{"@id":"https:\/\/www.parlemucorsu.corsica\/#\/schema\/logo\/image\/"},"sameAs":["https:\/\/www.facebook.com\/cullittivuparlemucorsu\/","https:\/\/x.com\/parlemucorsu","https:\/\/www.instagram.com\/parlemu_corsu\/"]}]}},"_links":{"self":[{"href":"https:\/\/www.parlemucorsu.corsica\/cc\/wp-json\/wp\/v2\/pages\/12129","targetHints":{"allow":["GET"]}}],"collection":[{"href":"https:\/\/www.parlemucorsu.corsica\/cc\/wp-json\/wp\/v2\/pages"}],"about":[{"href":"https:\/\/www.parlemucorsu.corsica\/cc\/wp-json\/wp\/v2\/types\/page"}],"author":[{"embeddable":true,"href":"https:\/\/www.parlemucorsu.corsica\/cc\/wp-json\/wp\/v2\/users\/4"}],"replies":[{"embeddable":true,"href":"https:\/\/www.parlemucorsu.corsica\/cc\/wp-json\/wp\/v2\/comments?post=12129"}],"version-history":[{"count":2,"href":"https:\/\/www.parlemucorsu.corsica\/cc\/wp-json\/wp\/v2\/pages\/12129\/revisions"}],"predecessor-version":[{"id":13131,"href":"https:\/\/www.parlemucorsu.corsica\/cc\/wp-json\/wp\/v2\/pages\/12129\/revisions\/13131"}],"wp:attachment":[{"href":"https:\/\/www.parlemucorsu.corsica\/cc\/wp-json\/wp\/v2\/media?parent=12129"}],"curies":[{"name":"wp","href":"https:\/\/api.w.org\/{rel}","templated":true}]}}